{"id":27,"date":"2021-11-17T15:18:11","date_gmt":"2021-11-17T14:18:11","guid":{"rendered":"https:\/\/3b-brandschutz.de\/?page_id=27"},"modified":"2026-01-30T12:18:20","modified_gmt":"2026-01-30T11:18:20","slug":"impressum","status":"publish","type":"page","link":"https:\/\/3b-brandschutz.de\/?page_id=27","title":{"rendered":"Impressum"},"content":{"rendered":"<div class=\"wpb-content-wrapper\"><p>[vc_row][vc_column][vc_empty_space el_id=&#8220;head_blank_row_small&#8220;][vc_empty_space height=&#8220;64px&#8220; el_id=&#8220;head_blank_row_big&#8220;][\/vc_column][\/vc_row][vc_row full_width=&#8220;stretch_row&#8220;][vc_column width=&#8220;1\/5&#8243;][\/vc_column][vc_column width=&#8220;3\/5&#8243;][vc_row_inner][vc_column_inner offset=&#8220;vc_hidden-lg vc_hidden-md&#8220;][vc_single_image image=&#8220;39&#8243; alignment=&#8220;center&#8220;][vc_column_text css=&#8220;&#8220;]<\/p>\n<p style=\"text-align: center;\"><span class=\"red_color\" dir=\"ltr\" role=\"presentation\">3 B\u00a0 B R A N D S C H U T Z I N G E N I E U R E <\/span><br role=\"presentation\" \/><span dir=\"ltr\" role=\"presentation\">P a r t n e r s c h a f t\u00a0 m b B <\/span><br role=\"presentation\" \/><span dir=\"ltr\" role=\"presentation\">B u x t e h u d e\u00a0 B e r l i n\u00a0 B r a n d e n b u r g <\/span><br role=\"presentation\" \/><span dir=\"ltr\" role=\"presentation\">F a c h p l a n u n g\u00a0 B e r a t u n g\u00a0 G u t a c h t e n<\/span><\/p>\n<p>[\/vc_column_text][\/vc_column_inner][\/vc_row_inner][vc_row_inner][vc_column_inner width=&#8220;1\/3&#8243; offset=&#8220;vc_hidden-sm vc_hidden-xs&#8220;][vc_single_image image=&#8220;39&#8243; alignment=&#8220;right&#8220;][\/vc_column_inner][vc_column_inner width=&#8220;2\/3&#8243; offset=&#8220;vc_hidden-sm vc_hidden-xs&#8220;][vc_column_text css=&#8220;&#8220;]<span class=\"red_color\" dir=\"ltr\" role=\"presentation\">3 B\u00a0 B R A N D S C H U T Z I N G E N I E U R E <\/span><br role=\"presentation\" \/><span dir=\"ltr\" role=\"presentation\">P a r t n e r s c h a f t\u00a0 m b B <\/span><br role=\"presentation\" \/><span dir=\"ltr\" role=\"presentation\">B u x t e h u d e\u00a0 B e r l i n\u00a0 B r a n d e n b u r g <\/span><br role=\"presentation\" \/><span dir=\"ltr\" role=\"presentation\">F a c h p l a n u n g\u00a0 B e r a t u n g\u00a0 G u t a c h t e n<\/span>[\/vc_column_text][\/vc_column_inner][\/vc_row_inner][vc_separator][vc_column_text]<\/p>\n<p style=\"text-align: center;\"><a href=\"https:\/\/3b-brandschutz.de\/\">Home<\/a><\/p>\n<p>[\/vc_column_text][vc_column_text css=&#8220;&#8220; el_id=&#8220;impressum&#8220;]<\/p>\n<h1 class=\"adsimple-321881050\">Impressum<\/h1>\n<p class=\"adsimple-321881050\">Informationspflicht laut \u00a75 E-Commerce Gesetz, \u00a714 Unternehmensgesetzbuch, \u00a763 Gewerbeordnung und Offenlegungspflicht laut \u00a725 Mediengesetz.<\/p>\n<p class=\"adsimple-321881050\">3b Brandschutzingenieure Partnerschaft mbB<br \/>\nL\u00fctticher Stra\u00dfe 3<br \/>\n13353 Berlin<br \/>\nDeutschland<\/p>\n<p class=\"adsimple-321881050\"><strong>Register:<\/strong>\u00a0Partnerschaftsregister<br \/>\n<strong>Registernummer:<\/strong>\u00a0PR 6 01 B<br \/>\n<strong>Registergericht:<\/strong>\u00a0Amtsgericht Charlottenburg<\/p>\n<p class=\"adsimple-321881050\"><strong>Tel.:<\/strong> 030 45029092<br \/>\n<strong>E-Mail:<\/strong>\u00a0<a href=\"mailto:info@3b-brandschutz.de\">info@3b-brandschutz.de<\/a><\/p>\n<p class=\"adsimple-321881050\"><strong>Vertreten durch<\/strong><br \/>\nStephanie Tibor<br \/>\nMartina Knabe<br \/>\nMark Hofmann<\/p>\n<h2 id=\"eu-streitschlichtung\" class=\"adsimple-321881050\">EU-Streitschlichtung<\/h2>\n<p>Gem\u00e4\u00df Verordnung \u00fcber Online-Streitbeilegung in Verbraucherangelegenheiten (ODR-Verordnung) m\u00f6chten wir Sie \u00fcber die Online-Streitbeilegungsplattform (OS-Plattform) informieren.<br \/>\nVerbraucher haben die M\u00f6glichkeit, Beschwerden an die Online Streitbeilegungsplattform der Europ\u00e4ischen Kommission unter\u00a0<a class=\"adsimple-321881050\" href=\"https:\/\/ec.europa.eu\/consumers\/odr\/main\/index.cfm?event=main.home2.show&amp;lng=DE\" target=\"_blank\" rel=\"noopener\">http:\/\/ec.europa.eu\/odr?tid=321881050<\/a>\u00a0zu richten. Die daf\u00fcr notwendigen Kontaktdaten finden Sie oberhalb in unserem Impressum.<\/p>\n<p>Wir m\u00f6chten Sie jedoch darauf hinweisen, dass wir nicht bereit oder verpflichtet sind, an Streitbeilegungsverfahren vor einer Verbraucherschlichtungsstelle teilzunehmen.<\/p>\n<h2 id=\"haftung-fuer-inhalte-dieser-webseite\" class=\"adsimple-321881050\">Haftung f\u00fcr Inhalte dieser Website<\/h2>\n<p>Wir entwickeln die Inhalte dieser Webseite st\u00e4ndig weiter und bem\u00fchen uns korrekte und aktuelle Informationen bereitzustellen. \u00a0Leider k\u00f6nnen wir keine Haftung f\u00fcr die Korrektheit aller Inhalte auf dieser Website \u00fcbernehmen, speziell f\u00fcr jene, die seitens Dritter bereitgestellt wurden. Als Diensteanbieter sind wir nicht verpflichtet, die von ihnen \u00fcbermittelten oder gespeicherten Informationen zu \u00fcberwachen oder nach Umst\u00e4nden zu forschen, die auf eine rechtswidrige T\u00e4tigkeit hinweisen.<\/p>\n<p>Unsere Verpflichtungen zur Entfernung von Informationen oder zur Sperrung der Nutzung von Informationen nach den allgemeinen Gesetzen aufgrund von gerichtlichen oder beh\u00f6rdlichen Anordnungen bleiben auch im Falle unserer Nichtverantwortlichkeit davon unber\u00fchrt.<\/p>\n<p>Sollten Ihnen problematische oder rechtswidrige Inhalte auffallen, bitte wir Sie uns umgehend zu kontaktieren, damit wir die rechtswidrigen Inhalte entfernen k\u00f6nnen. Sie finden die Kontaktdaten im Impressum.<\/p>\n<h2 id=\"haftung-links-webseite\" class=\"adsimple-321881050\">Haftung f\u00fcr Links auf dieser Webseite<\/h2>\n<p>Unsere Webseite enth\u00e4lt Links zu anderen Webseiten f\u00fcr deren Inhalt wir nicht verantwortlich sind. Haftung f\u00fcr verlinkte Websites besteht f\u00fcr uns nicht, da wir keine Kenntnis rechtswidriger T\u00e4tigkeiten hatten und haben, uns solche Rechtswidrigkeiten auch bisher nicht aufgefallen sind und wir Links sofort entfernen w\u00fcrden, wenn uns Rechtswidrigkeiten bekannt werden.<\/p>\n<p>Wenn Ihnen rechtswidrige Links auf unserer Website auffallen, bitte wir Sie uns zu kontaktieren. Sie finden die Kontaktdaten im Impressum.<\/p>\n<h2 id=\"urheberrechtshinweis\" class=\"adsimple-321881050\">Urheberrechtshinweis<\/h2>\n<p>Alle Inhalte dieser Webseite (Bilder, Fotos, Texte, Videos) unterliegen dem Urheberrecht. Bitte fragen Sie uns bevor Sie die Inhalte dieser Website verbreiten, vervielf\u00e4ltigen oder verwerten wie zum Beispiel auf anderen Websites erneut ver\u00f6ffentlichen. Falls notwendig, werden wir die unerlaubte Nutzung von Teilen der Inhalte unserer Seite rechtlich verfolgen.<\/p>\n<p>Sollten Sie auf dieser Webseite Inhalte finden, die das Urheberrecht verletzen, bitten wir Sie uns zu kontaktieren.<\/p>\n<h2 id=\"bildernachweis\" class=\"adsimple-321881050\">Bildernachweis<\/h2>\n<p>Die Bilder, Fotos und Grafiken auf dieser Webseite sind urheberrechtlich gesch\u00fctzt.<\/p>\n<p>Die Bilderrechte liegen bei den folgenden Fotografen und Unternehmen:<\/p>\n<ul class=\"adsimple-321881050\">\n<li class=\"adsimple-321881050\">Fotograf Mustermann<\/li>\n<\/ul>\n<p>Alle Texte sind urheberrechtlich gesch\u00fctzt.<\/p>\n<p>Quelle: Erstellt mit dem\u00a0<a title=\"Impressum Generator von AdSimple f\u00fcr Deutschland\" href=\"https:\/\/www.adsimple.de\/impressum-generator\/\">Impressum Generator<\/a>\u00a0von AdSimple[\/vc_column_text][vc_separator][vc_column_text]<\/p>\n<p style=\"text-align: center;\"><a href=\"https:\/\/3b-brandschutz.de\/\">Home<\/a><\/p>\n<p style=\"text-align: center;\"><a href=\"https:\/\/3b-brandschutz.de\/?page_id=29\">Datenschutzerkl\u00e4rung<\/a><\/p>\n<p>[\/vc_column_text][\/vc_column][vc_column width=&#8220;1\/5&#8243;][\/vc_column][\/vc_row]<\/p>\n<\/div>","protected":false},"excerpt":{"rendered":"<p>[vc_row][vc_column][vc_empty_space el_id=&#8220;head_blank_row_small&#8220;][vc_empty_space height=&#8220;64px&#8220; el_id=&#8220;head_blank_row_big&#8220;][\/vc_column][\/vc_row][vc_row full_width=&#8220;stretch_row&#8220;][vc_column width=&#8220;1\/5&#8243;][\/vc_column][vc_column width=&#8220;3\/5&#8243;][vc_row_inner][vc_column_inner offset=&#8220;vc_hidden-lg vc_hidden-md&#8220;][vc_single_image image=&#8220;39&#8243; alignment=&#8220;center&#8220;][vc_column_text css=&#8220;&#8220;] 3 B\u00a0 B R A N D S C H U T Z I N G E N I E U R E P a r t n e r s c h a f t\u00a0 m b B B u x t&hellip; <a class=\"more-link\" href=\"https:\/\/3b-brandschutz.de\/?page_id=27\"><span class=\"screen-reader-text\">Impressum<\/span> weiterlesen<\/a><\/p>\n","protected":false},"author":1,"featured_media":0,"parent":0,"menu_order":0,"comment_status":"closed","ping_status":"closed","template":"blank-slate-template.php","meta":{"footnotes":""},"class_list":["post-27","page","type-page","status-publish","hentry","entry"],"_links":{"self":[{"href":"https:\/\/3b-brandschutz.de\/index.php?rest_route=\/wp\/v2\/pages\/27","targetHints":{"allow":["GET"]}}],"collection":[{"href":"https:\/\/3b-brandschutz.de\/index.php?rest_route=\/wp\/v2\/pages"}],"about":[{"href":"https:\/\/3b-brandschutz.de\/index.php?rest_route=\/wp\/v2\/types\/page"}],"author":[{"embeddable":true,"href":"https:\/\/3b-brandschutz.de\/index.php?rest_route=\/wp\/v2\/users\/1"}],"replies":[{"embeddable":true,"href":"https:\/\/3b-brandschutz.de\/index.php?rest_route=%2Fwp%2Fv2%2Fcomments&post=27"}],"version-history":[{"count":21,"href":"https:\/\/3b-brandschutz.de\/index.php?rest_route=\/wp\/v2\/pages\/27\/revisions"}],"predecessor-version":[{"id":88,"href":"https:\/\/3b-brandschutz.de\/index.php?rest_route=\/wp\/v2\/pages\/27\/revisions\/88"}],"wp:attachment":[{"href":"https:\/\/3b-brandschutz.de\/index.php?rest_route=%2Fwp%2Fv2%2Fmedia&parent=27"}],"curies":[{"name":"wp","href":"https:\/\/api.w.org\/{rel}","templated":true}]}}